{"id":21,"date":"2020-12-24T14:16:12","date_gmt":"2020-12-24T13:16:12","guid":{"rendered":"http:\/\/sinope-consult.com\/?page_id=21"},"modified":"2020-12-24T14:25:53","modified_gmt":"2020-12-24T13:25:53","slug":"accueil","status":"publish","type":"page","link":"https:\/\/sinope-consult.com\/","title":{"rendered":""},"content":{"rendered":"\n<p>Vous d\u00e9sirez mettre en place une\u00a0Gouvernance Informatique\u00a0selon les bonnes pratiques, vous avez besoin d&#8217;assistance dans la gestion de votre d\u00e9partement IT, ou de vos projets ou programmes ? <\/p>\n\n\n\n<p>Vous souhaitez b\u00e9n\u00e9ficier d\u2019un syst\u00e8me d\u2019information force de propositions et de valeurs pour l\u2019entreprise en accord avec sa strat\u00e9gie, au meilleur co\u00fbt et r\u00e9pondant aux besoins actuels et futurs de ses utilisateurs et clients. ?<\/p>\n\n\n\n<p>Sinope peut vous aider \u00e0 attendre ces objectifs en vous proposant ses services de Conseil IT,  Gouvernance et Gestion de projets <\/p>\n","protected":false},"excerpt":{"rendered":"<p>Vous d\u00e9sirez mettre en place une\u00a0Gouvernance Informatique\u00a0selon les bonnes pratiques, vous avez besoin d&#8217;assistance dans la gestion de votre d\u00e9partement IT, ou de vos projets ou programmes ? Vous souhaitez b\u00e9n\u00e9ficier d\u2019un syst\u00e8me d\u2019information force de propositions et de valeurs pour l\u2019entreprise en accord avec sa strat\u00e9gie, au meilleur co\u00fbt et r\u00e9pondant aux besoins actuels [&hellip;]<\/p>\n","protected":false},"author":1,"featured_media":0,"parent":0,"menu_order":0,"comment_status":"closed","ping_status":"closed","template":"","meta":{"footnotes":""},"_links":{"self":[{"href":"https:\/\/sinope-consult.com\/index.php?rest_route=\/wp\/v2\/pages\/21"}],"collection":[{"href":"https:\/\/sinope-consult.com\/index.php?rest_route=\/wp\/v2\/pages"}],"about":[{"href":"https:\/\/sinope-consult.com\/index.php?rest_route=\/wp\/v2\/types\/page"}],"author":[{"embeddable":true,"href":"https:\/\/sinope-consult.com\/index.php?rest_route=\/wp\/v2\/users\/1"}],"replies":[{"embeddable":true,"href":"https:\/\/sinope-consult.com\/index.php?rest_route=%2Fwp%2Fv2%2Fcomments&post=21"}],"version-history":[{"count":3,"href":"https:\/\/sinope-consult.com\/index.php?rest_route=\/wp\/v2\/pages\/21\/revisions"}],"predecessor-version":[{"id":55,"href":"https:\/\/sinope-consult.com\/index.php?rest_route=\/wp\/v2\/pages\/21\/revisions\/55"}],"wp:attachment":[{"href":"https:\/\/sinope-consult.com\/index.php?rest_route=%2Fwp%2Fv2%2Fmedia&parent=21"}],"curies":[{"name":"wp","href":"https:\/\/api.w.org\/{rel}","templated":true}]}}